{"id":5255,"date":"2022-04-01T10:32:26","date_gmt":"2022-04-01T08:32:26","guid":{"rendered":"https:\/\/mobin.se\/gate-cleaner\/"},"modified":"2024-11-11T17:21:06","modified_gmt":"2024-11-11T15:21:06","slug":"gate-cleaner","status":"publish","type":"page","link":"https:\/\/mobin.se\/en\/gate-cleaner\/","title":{"rendered":"Gate cleaner"},"content":{"rendered":"\n<h1>\n\t\t\n\t<\/h1>\n\t<p>Invest and make money from maximising water flow!<\/p>\n\t<h2>Mobin Gate Cleaner optimises water flow to the turbine<\/h2>\nDebris, branches and rubble trapped in intake grates cause waterfall losses in electricity generation.<br \/>\nCleaning machines are used to clear the intake screens of debris and rubble, thus increasing the flow into the turbine.\n<p>The alternative is to clear the gates manually, which is a completely unnecessary extra job. That&#8217;s why we offer machines that clean for you, which also increases the safety of your employees.<\/p>\n<h2>Flow optimisation for more energy production<\/h2>\nA Mobin Hydraulic gate cleaning machine ensures reliable operation for many years<br \/>\nand maximises the flow to the turbine, helping you to produce more energy in your plants.\n\t\t\t\t<h3 itemprop=\"name description\">Contact us for a solution that suits you<\/h3>\n\t\n\t\n \n<form action=\"\/en\/?page_id=5255&#038;fl_builder#wpcf7-f1894-o1\" method=\"post\" aria-label=\"Kontaktformul\u00e4r\" novalidate=\"novalidate\" data-status=\"init\">\n<input type=\"hidden\" name=\"_wpcf7\" value=\"1894\" \/>\n<input type=\"hidden\" name=\"_wpcf7_version\" value=\"6.0\" \/>\n<input type=\"hidden\" name=\"_wpcf7_locale\" value=\"sv_SE\" \/>\n<input type=\"hidden\" name=\"_wpcf7_unit_tag\" value=\"wpcf7-f1894-o1\" \/>\n<input type=\"hidden\" name=\"_wpcf7_container_post\" value=\"0\" \/>\n<input type=\"hidden\" name=\"_wpcf7_posted_data_hash\" value=\"\" \/>\nH\u00e5ll gallren rena &#8211; tj\u00e4na pengar\n\nL\u00e4mna dina kontaktuppgifter h\u00e4r, s\u00e5 tar vi fram en l\u00f6sning som passar dig!\n\n<label>Ditt namn<br \/>\n<input size=\"40\" maxlength=\"400\" aria-required=\"true\" aria-invalid=\"false\" value=\"\" type=\"text\" name=\"visitor-name\" \/><\/label><br \/>\n<label>Ditt mobilnummer<br \/>\n<input size=\"40\" maxlength=\"400\" aria-required=\"true\" aria-invalid=\"false\" value=\"\" type=\"text\" name=\"visitor-mobile-number\" \/><\/label><br \/>\n<input type=\"submit\" value=\"Skicka\" \/>\n\n<\/form>\n\t<h2>Different designs of gate cleaners<\/h2>\nWe offer cleaning machines in several different designs. We have machines that clean automatically according to a predetermined time interval and manual cleaners that can be run when you think cleaning is needed.<br \/>\nWe have several different standard variants of gate cleaners, and can also manufacture machines customized to your specific needs.Read more about our products below.\n<p>If you are unsure what is best suited to your facility, <a href=\"https:\/\/mobin.se\/en\/contact-us\/\">do not hesitate to contact us<\/a>.<\/p>\n\t<meta itemscope itemprop=\"mainEntityOfPage\" itemtype=\"https:\/\/schema.org\/WebPage\" itemid=\"http:\/\/5259\" content=\"RakeMaster\" \/><meta itemprop=\"datePublished\" content=\"2022-04-01\" \/><meta itemprop=\"dateModified\" content=\"2024-11-11\" \/><meta itemprop=\"name\" content=\"Mobin Hydraulic AB\"\/><meta itemprop=\"url\" content=\"https:\/\/mobin.se\/en\/author\/_superadmin\/\" \/><meta itemprop=\"name\" content=\"_superadmin\" \/><meta itemprop=\"url\" content=\"https:\/\/mobin.se\/wp-content\/uploads\/2022\/04\/webb-RakeMaster-2.jpg\" \/><meta itemprop=\"width\" content=\"1000\" \/><meta itemprop=\"height\" content=\"750\" \/><meta itemprop=\"interactionType\" content=\"https:\/\/schema.org\/CommentAction\" \/><meta itemprop=\"userInteractionCount\" content=\"0\" \/>\n\t\t\t\t\t<a href=\"https:\/\/mobin.se\/en\/gate-cleaner\/rakemaster\/\" title=\"RakeMaster\"><\/a>\n\t\t\t\t<img decoding=\"async\" src=\"https:\/\/mobin.se\/wp-content\/uploads\/2022\/04\/webb-RakeMaster-2.jpg\" alt=\"webb-RakeMaster-2\" itemprop=\"image\" data-no-lazy=\"1\" height=\"750\" width=\"1000\" title=\"webb-RakeMaster-2\" onerror=\"this.style.display='none'\"  \/>\n\t\t\t\t\t\t\t\t\t<h3 itemprop=\"headline\">\n\t\t\t\t\t\t\t\t\t\t\t\t\t\tRakeMaster\t\t\t\t\t\t\t\t\t\t\t<\/h3>\n\t<meta itemscope itemprop=\"mainEntityOfPage\" itemtype=\"https:\/\/schema.org\/WebPage\" itemid=\"http:\/\/5261\" content=\"CraneMaster\" \/><meta itemprop=\"datePublished\" content=\"2022-04-01\" \/><meta itemprop=\"dateModified\" content=\"2024-11-11\" \/><meta itemprop=\"name\" content=\"Mobin Hydraulic AB\"\/><meta itemprop=\"url\" content=\"https:\/\/mobin.se\/en\/author\/_superadmin\/\" \/><meta itemprop=\"name\" content=\"_superadmin\" \/><meta itemprop=\"url\" content=\"https:\/\/mobin.se\/wp-content\/uploads\/2022\/04\/cranemaster-1.jpg\" \/><meta itemprop=\"width\" content=\"1000\" \/><meta itemprop=\"height\" content=\"750\" \/><meta itemprop=\"interactionType\" content=\"https:\/\/schema.org\/CommentAction\" \/><meta itemprop=\"userInteractionCount\" content=\"0\" \/>\n\t\t\t\t\t<a href=\"https:\/\/mobin.se\/en\/gate-cleaner\/cranemaster\/\" title=\"CraneMaster\"><\/a>\n\t\t\t\t<img decoding=\"async\" src=\"https:\/\/mobin.se\/wp-content\/uploads\/2022\/04\/cranemaster-1.jpg\" alt=\"cranemaster-1\" itemprop=\"image\" data-no-lazy=\"1\" height=\"750\" width=\"1000\" title=\"cranemaster-1\" onerror=\"this.style.display='none'\"  \/>\n\t\t\t\t\t\t\t\t\t<h3 itemprop=\"headline\">\n\t\t\t\t\t\t\t\t\t\t\t\t\t\tCraneMaster\t\t\t\t\t\t\t\t\t\t\t<\/h3>\n\t<meta itemscope itemprop=\"mainEntityOfPage\" itemtype=\"https:\/\/schema.org\/WebPage\" itemid=\"http:\/\/5263\" content=\"TelferMaster\" \/><meta itemprop=\"datePublished\" content=\"2022-04-01\" \/><meta itemprop=\"dateModified\" content=\"2024-11-11\" \/><meta itemprop=\"name\" content=\"Mobin Hydraulic AB\"\/><meta itemprop=\"url\" content=\"https:\/\/mobin.se\/en\/author\/_superadmin\/\" \/><meta itemprop=\"name\" content=\"_superadmin\" \/><meta itemprop=\"url\" content=\"https:\/\/mobin.se\/wp-content\/uploads\/2020\/09\/logo-1-1.png\" \/><meta itemprop=\"width\" content=\"264\" \/><meta itemprop=\"height\" content=\"176\" \/><meta itemprop=\"interactionType\" content=\"https:\/\/schema.org\/CommentAction\" \/><meta itemprop=\"userInteractionCount\" content=\"0\" \/>\n\t\t\t\t\t<a href=\"https:\/\/mobin.se\/en\/gate-cleaner\/telfermaster\/\" title=\"TelferMaster\"><\/a>\n\t\t\t\t<img decoding=\"async\" src=\"https:\/\/mobin.se\/wp-content\/uploads\/2020\/09\/logo-1-1.png\" alt=\"logo-1\" itemprop=\"image\" data-no-lazy=\"1\" height=\"176\" width=\"264\" title=\"logo-1\" onerror=\"this.style.display='none'\"  \/>\n\t\t\t\t\t\t\t\t\t<h3 itemprop=\"headline\">\n\t\t\t\t\t\t\t\t\t\t\t\t\t\tTelferMaster\t\t\t\t\t\t\t\t\t\t\t<\/h3>\n\t\t<!-- .pp-content-posts -->\n\n","protected":false},"excerpt":{"rendered":"<p>Invest and make money from maximising water flow! Mobin Gate Cleaner optimises water flow to the turbine Debris, branches and rubble trapped in intake grates cause waterfall losses in electricity generation. Cleaning machines are used to clear the intake screens of debris and rubble, thus increasing the flow into the turbine. The alternative is to&hellip;<\/p>\n","protected":false},"author":1,"featured_media":4996,"parent":0,"menu_order":14,"comment_status":"closed","ping_status":"closed","template":"","meta":{"_acf_changed":false,"footnotes":""},"layout":[],"class_list":["post-5255","page","type-page","status-publish","has-post-thumbnail","hentry"],"acf":[],"yoast_head":"<!-- This site is optimized with the Yoast SEO plugin v27.4 - https:\/\/yoast.com\/product\/yoast-seo-wordpress\/ -->\n<title>Gate cleaner - flow optimisation for increased electricity production - Mobin Hydraulic AB<\/title>\n<meta name=\"description\" content=\"Debris and rubbish stuck in intake grates cause drop losses in electricity generation. With our gate cleaners, electricity production is maximised.\" \/>\n<meta name=\"robots\" content=\"index, follow, max-snippet:-1, max-image-preview:large, max-video-preview:-1\" \/>\n<link rel=\"canonical\" href=\"https:\/\/mobin.se\/en\/gate-cleaner\/\" \/>\n<meta property=\"og:locale\" content=\"en_US\" \/>\n<meta property=\"og:type\" content=\"article\" \/>\n<meta property=\"og:title\" content=\"Gate cleaner - flow optimisation for increased electricity production - Mobin Hydraulic AB\" \/>\n<meta property=\"og:description\" content=\"Debris and rubbish stuck in intake grates cause drop losses in electricity generation. With our gate cleaners, electricity production is maximised.\" \/>\n<meta property=\"og:url\" content=\"https:\/\/mobin.se\/en\/gate-cleaner\/\" \/>\n<meta property=\"og:site_name\" content=\"Mobin Hydraulic AB\" \/>\n<meta property=\"article:modified_time\" content=\"2024-11-11T15:21:06+00:00\" \/>\n<meta property=\"og:image\" content=\"https:\/\/mobin.se\/wp-content\/uploads\/2022\/04\/cranemaster-1.jpg\" \/>\n\t<meta property=\"og:image:width\" content=\"1000\" \/>\n\t<meta property=\"og:image:height\" content=\"750\" \/>\n\t<meta property=\"og:image:type\" content=\"image\/jpeg\" \/>\n<meta name=\"twitter:card\" content=\"summary_large_image\" \/>\n<meta name=\"twitter:label1\" content=\"Est. reading time\" \/>\n\t<meta name=\"twitter:data1\" content=\"1 minute\" \/>\n<script type=\"application\/ld+json\" class=\"yoast-schema-graph\">{\"@context\":\"https:\\\/\\\/schema.org\",\"@graph\":[{\"@type\":\"WebPage\",\"@id\":\"https:\\\/\\\/mobin.se\\\/en\\\/gate-cleaner\\\/\",\"url\":\"https:\\\/\\\/mobin.se\\\/en\\\/gate-cleaner\\\/\",\"name\":\"Gate cleaner - flow optimisation for increased electricity production - Mobin Hydraulic AB\",\"isPartOf\":{\"@id\":\"https:\\\/\\\/mobin.se\\\/en\\\/#website\"},\"primaryImageOfPage\":{\"@id\":\"https:\\\/\\\/mobin.se\\\/en\\\/gate-cleaner\\\/#primaryimage\"},\"image\":{\"@id\":\"https:\\\/\\\/mobin.se\\\/en\\\/gate-cleaner\\\/#primaryimage\"},\"thumbnailUrl\":\"https:\\\/\\\/mobin.se\\\/wp-content\\\/uploads\\\/2022\\\/04\\\/cranemaster-1.jpg\",\"datePublished\":\"2022-04-01T08:32:26+00:00\",\"dateModified\":\"2024-11-11T15:21:06+00:00\",\"description\":\"Debris and rubbish stuck in intake grates cause drop losses in electricity generation. With our gate cleaners, electricity production is maximised.\",\"breadcrumb\":{\"@id\":\"https:\\\/\\\/mobin.se\\\/en\\\/gate-cleaner\\\/#breadcrumb\"},\"inLanguage\":\"en-US\",\"potentialAction\":[{\"@type\":\"ReadAction\",\"target\":[\"https:\\\/\\\/mobin.se\\\/en\\\/gate-cleaner\\\/\"]}]},{\"@type\":\"ImageObject\",\"inLanguage\":\"en-US\",\"@id\":\"https:\\\/\\\/mobin.se\\\/en\\\/gate-cleaner\\\/#primaryimage\",\"url\":\"https:\\\/\\\/mobin.se\\\/wp-content\\\/uploads\\\/2022\\\/04\\\/cranemaster-1.jpg\",\"contentUrl\":\"https:\\\/\\\/mobin.se\\\/wp-content\\\/uploads\\\/2022\\\/04\\\/cranemaster-1.jpg\",\"width\":1000,\"height\":750},{\"@type\":\"BreadcrumbList\",\"@id\":\"https:\\\/\\\/mobin.se\\\/en\\\/gate-cleaner\\\/#breadcrumb\",\"itemListElement\":[{\"@type\":\"ListItem\",\"position\":1,\"name\":\"Hem\",\"item\":\"https:\\\/\\\/mobin.se\\\/en\\\/\"},{\"@type\":\"ListItem\",\"position\":2,\"name\":\"Gate cleaner\"}]},{\"@type\":\"WebSite\",\"@id\":\"https:\\\/\\\/mobin.se\\\/en\\\/#website\",\"url\":\"https:\\\/\\\/mobin.se\\\/en\\\/\",\"name\":\"Mobin Hydraulic AB\",\"description\":\"Ren Kraft!\",\"potentialAction\":[{\"@type\":\"SearchAction\",\"target\":{\"@type\":\"EntryPoint\",\"urlTemplate\":\"https:\\\/\\\/mobin.se\\\/en\\\/?s={search_term_string}\"},\"query-input\":{\"@type\":\"PropertyValueSpecification\",\"valueRequired\":true,\"valueName\":\"search_term_string\"}}],\"inLanguage\":\"en-US\"}]}<\/script>\n<!-- \/ Yoast SEO plugin. -->","yoast_head_json":{"title":"Gate cleaner - flow optimisation for increased electricity production - Mobin Hydraulic AB","description":"Debris and rubbish stuck in intake grates cause drop losses in electricity generation. With our gate cleaners, electricity production is maximised.","robots":{"index":"index","follow":"follow","max-snippet":"max-snippet:-1","max-image-preview":"max-image-preview:large","max-video-preview":"max-video-preview:-1"},"canonical":"https:\/\/mobin.se\/en\/gate-cleaner\/","og_locale":"en_US","og_type":"article","og_title":"Gate cleaner - flow optimisation for increased electricity production - Mobin Hydraulic AB","og_description":"Debris and rubbish stuck in intake grates cause drop losses in electricity generation. With our gate cleaners, electricity production is maximised.","og_url":"https:\/\/mobin.se\/en\/gate-cleaner\/","og_site_name":"Mobin Hydraulic AB","article_modified_time":"2024-11-11T15:21:06+00:00","og_image":[{"width":1000,"height":750,"url":"https:\/\/mobin.se\/wp-content\/uploads\/2022\/04\/cranemaster-1.jpg","type":"image\/jpeg"}],"twitter_card":"summary_large_image","twitter_misc":{"Est. reading time":"1 minute"},"schema":{"@context":"https:\/\/schema.org","@graph":[{"@type":"WebPage","@id":"https:\/\/mobin.se\/en\/gate-cleaner\/","url":"https:\/\/mobin.se\/en\/gate-cleaner\/","name":"Gate cleaner - flow optimisation for increased electricity production - Mobin Hydraulic AB","isPartOf":{"@id":"https:\/\/mobin.se\/en\/#website"},"primaryImageOfPage":{"@id":"https:\/\/mobin.se\/en\/gate-cleaner\/#primaryimage"},"image":{"@id":"https:\/\/mobin.se\/en\/gate-cleaner\/#primaryimage"},"thumbnailUrl":"https:\/\/mobin.se\/wp-content\/uploads\/2022\/04\/cranemaster-1.jpg","datePublished":"2022-04-01T08:32:26+00:00","dateModified":"2024-11-11T15:21:06+00:00","description":"Debris and rubbish stuck in intake grates cause drop losses in electricity generation. With our gate cleaners, electricity production is maximised.","breadcrumb":{"@id":"https:\/\/mobin.se\/en\/gate-cleaner\/#breadcrumb"},"inLanguage":"en-US","potentialAction":[{"@type":"ReadAction","target":["https:\/\/mobin.se\/en\/gate-cleaner\/"]}]},{"@type":"ImageObject","inLanguage":"en-US","@id":"https:\/\/mobin.se\/en\/gate-cleaner\/#primaryimage","url":"https:\/\/mobin.se\/wp-content\/uploads\/2022\/04\/cranemaster-1.jpg","contentUrl":"https:\/\/mobin.se\/wp-content\/uploads\/2022\/04\/cranemaster-1.jpg","width":1000,"height":750},{"@type":"BreadcrumbList","@id":"https:\/\/mobin.se\/en\/gate-cleaner\/#breadcrumb","itemListElement":[{"@type":"ListItem","position":1,"name":"Hem","item":"https:\/\/mobin.se\/en\/"},{"@type":"ListItem","position":2,"name":"Gate cleaner"}]},{"@type":"WebSite","@id":"https:\/\/mobin.se\/en\/#website","url":"https:\/\/mobin.se\/en\/","name":"Mobin Hydraulic AB","description":"Ren Kraft!","potentialAction":[{"@type":"SearchAction","target":{"@type":"EntryPoint","urlTemplate":"https:\/\/mobin.se\/en\/?s={search_term_string}"},"query-input":{"@type":"PropertyValueSpecification","valueRequired":true,"valueName":"search_term_string"}}],"inLanguage":"en-US"}]}},"_links":{"self":[{"href":"https:\/\/mobin.se\/en\/wp-json\/wp\/v2\/pages\/5255","targetHints":{"allow":["GET"]}}],"collection":[{"href":"https:\/\/mobin.se\/en\/wp-json\/wp\/v2\/pages"}],"about":[{"href":"https:\/\/mobin.se\/en\/wp-json\/wp\/v2\/types\/page"}],"author":[{"embeddable":true,"href":"https:\/\/mobin.se\/en\/wp-json\/wp\/v2\/users\/1"}],"replies":[{"embeddable":true,"href":"https:\/\/mobin.se\/en\/wp-json\/wp\/v2\/comments?post=5255"}],"version-history":[{"count":0,"href":"https:\/\/mobin.se\/en\/wp-json\/wp\/v2\/pages\/5255\/revisions"}],"wp:featuredmedia":[{"embeddable":true,"href":"https:\/\/mobin.se\/en\/wp-json\/wp\/v2\/media\/4996"}],"wp:attachment":[{"href":"https:\/\/mobin.se\/en\/wp-json\/wp\/v2\/media?parent=5255"}],"wp:term":[{"taxonomy":"layout","embeddable":true,"href":"https:\/\/mobin.se\/en\/wp-json\/wp\/v2\/layout?post=5255"}],"curies":[{"name":"wp","href":"https:\/\/api.w.org\/{rel}","templated":true}]}}